{"id":5,"date":"2022-04-04T10:10:41","date_gmt":"2022-04-04T13:10:41","guid":{"rendered":"http:\/\/www.bronx.com.br\/?page_id=5"},"modified":"2023-10-25T15:13:50","modified_gmt":"2023-10-25T18:13:50","slug":"agencia-de-publicidade","status":"publish","type":"page","link":"https:\/\/www.bronx.com.br\/index.php\/agencia-de-publicidade\/","title":{"rendered":"Home"},"content":{"rendered":"","protected":false},"excerpt":{"rendered":"","protected":false},"author":1,"featured_media":0,"parent":0,"menu_order":0,"comment_status":"closed","ping_status":"closed","template":"","meta":{"_acf_changed":false,"footnotes":""},"class_list":["post-5","page","type-page","status-publish","hentry"],"acf":[],"yoast_head":"<!-- This site is optimized with the Yoast SEO plugin v27.4 - https:\/\/yoast.com\/product\/yoast-seo-wordpress\/ -->\n<title>Home - Bronx - Ag\u00eancia Comunica\u00e7\u00e3o Curitiba - Ag\u00eancia de Publicidade<\/title>\n<meta name=\"description\" content=\"Somos a Bronx, uma Ag\u00eancia de Publicidade e Propaganda especializada em Marketing Digital, Design Promocional, Branding e SEO em Curitiba. Oferecemos servi\u00e7os abrangentes, incluindo Design Institucional, Marketing Promocional, Eventos Promocionais e Treinamento In Company. Al\u00e9m disso, fornecemos cursos online e Treinamento de Equipes Comerciais para impulsionar o sucesso do seu neg\u00f3cio. Descubra como nossa ag\u00eancia de performance pode elevar a visibilidade da sua marca e aumentar o seu alcance online.\" \/>\n<meta name=\"robots\" content=\"index, follow, max-snippet:-1, max-image-preview:large, max-video-preview:-1\" \/>\n<link rel=\"canonical\" href=\"https:\/\/www.bronx.com.br\/index.php\/agencia-de-publicidade\/\" \/>\n<meta property=\"og:locale\" content=\"pt_BR\" \/>\n<meta property=\"og:type\" content=\"article\" \/>\n<meta property=\"og:title\" content=\"Home - Bronx - Ag\u00eancia Comunica\u00e7\u00e3o Curitiba - Ag\u00eancia de Publicidade\" \/>\n<meta property=\"og:description\" content=\"Somos a Bronx, uma Ag\u00eancia de Publicidade e Propaganda especializada em Marketing Digital, Design Promocional, Branding e SEO em Curitiba. Oferecemos servi\u00e7os abrangentes, incluindo Design Institucional, Marketing Promocional, Eventos Promocionais e Treinamento In Company. Al\u00e9m disso, fornecemos cursos online e Treinamento de Equipes Comerciais para impulsionar o sucesso do seu neg\u00f3cio. Descubra como nossa ag\u00eancia de performance pode elevar a visibilidade da sua marca e aumentar o seu alcance online.\" \/>\n<meta property=\"og:url\" content=\"https:\/\/www.bronx.com.br\/index.php\/agencia-de-publicidade\/\" \/>\n<meta property=\"og:site_name\" content=\"Bronx - Ag\u00eancia Comunica\u00e7\u00e3o Curitiba - Ag\u00eancia de Publicidade\" \/>\n<meta property=\"article:publisher\" content=\"https:\/\/www.facebook.com\/bronx.comunicacao\/\" \/>\n<meta property=\"article:modified_time\" content=\"2023-10-25T18:13:50+00:00\" \/>\n<meta name=\"twitter:card\" content=\"summary_large_image\" \/>\n<script type=\"application\/ld+json\" class=\"yoast-schema-graph\">{\"@context\":\"https:\\\/\\\/schema.org\",\"@graph\":[{\"@type\":\"WebPage\",\"@id\":\"https:\\\/\\\/www.bronx.com.br\\\/index.php\\\/agencia-de-publicidade\\\/\",\"url\":\"https:\\\/\\\/www.bronx.com.br\\\/index.php\\\/agencia-de-publicidade\\\/\",\"name\":\"Home - Bronx - Ag\u00eancia Comunica\u00e7\u00e3o Curitiba - Ag\u00eancia de Publicidade\",\"isPartOf\":{\"@id\":\"https:\\\/\\\/www.bronx.com.br\\\/#website\"},\"datePublished\":\"2022-04-04T13:10:41+00:00\",\"dateModified\":\"2023-10-25T18:13:50+00:00\",\"description\":\"Somos a Bronx, uma Ag\u00eancia de Publicidade e Propaganda especializada em Marketing Digital, Design Promocional, Branding e SEO em Curitiba. Oferecemos servi\u00e7os abrangentes, incluindo Design Institucional, Marketing Promocional, Eventos Promocionais e Treinamento In Company. Al\u00e9m disso, fornecemos cursos online e Treinamento de Equipes Comerciais para impulsionar o sucesso do seu neg\u00f3cio. Descubra como nossa ag\u00eancia de performance pode elevar a visibilidade da sua marca e aumentar o seu alcance online.\",\"breadcrumb\":{\"@id\":\"https:\\\/\\\/www.bronx.com.br\\\/index.php\\\/agencia-de-publicidade\\\/#breadcrumb\"},\"inLanguage\":\"pt-BR\",\"potentialAction\":[{\"@type\":\"ReadAction\",\"target\":[\"https:\\\/\\\/www.bronx.com.br\\\/index.php\\\/agencia-de-publicidade\\\/\"]}]},{\"@type\":\"BreadcrumbList\",\"@id\":\"https:\\\/\\\/www.bronx.com.br\\\/index.php\\\/agencia-de-publicidade\\\/#breadcrumb\",\"itemListElement\":[{\"@type\":\"ListItem\",\"position\":1,\"name\":\"In\u00edcio\",\"item\":\"https:\\\/\\\/www.bronx.com.br\\\/\"},{\"@type\":\"ListItem\",\"position\":2,\"name\":\"Home\"}]},{\"@type\":\"WebSite\",\"@id\":\"https:\\\/\\\/www.bronx.com.br\\\/#website\",\"url\":\"https:\\\/\\\/www.bronx.com.br\\\/\",\"name\":\"Ag\u00eancia Bronx em Curitiba\",\"description\":\"Somos a Bronx, uma Ag\u00eancia de Publicidade e Propaganda especializada em Marketing Digital, Design Promocional, Branding e SEO em Curitiba. Oferecemos servi\u00e7os abrangentes, incluindo Design Institucional, Marketing Promocional, Eventos Promocionais e Treinamento In Company. Al\u00e9m disso, fornecemos cursos online e Treinamento de Equipes Comerciais para impulsionar o sucesso do seu neg\u00f3cio. Descubra como nossa ag\u00eancia de performance pode elevar a visibilidade da sua marca e aumentar o seu alcance online.\",\"publisher\":{\"@id\":\"https:\\\/\\\/www.bronx.com.br\\\/#organization\"},\"potentialAction\":[{\"@type\":\"SearchAction\",\"target\":{\"@type\":\"EntryPoint\",\"urlTemplate\":\"https:\\\/\\\/www.bronx.com.br\\\/?s={search_term_string}\"},\"query-input\":{\"@type\":\"PropertyValueSpecification\",\"valueRequired\":true,\"valueName\":\"search_term_string\"}}],\"inLanguage\":\"pt-BR\"},{\"@type\":\"Organization\",\"@id\":\"https:\\\/\\\/www.bronx.com.br\\\/#organization\",\"name\":\"Ag\u00eancia Bronx em Curitiba\",\"url\":\"https:\\\/\\\/www.bronx.com.br\\\/\",\"logo\":{\"@type\":\"ImageObject\",\"inLanguage\":\"pt-BR\",\"@id\":\"https:\\\/\\\/www.bronx.com.br\\\/#\\\/schema\\\/logo\\\/image\\\/\",\"url\":\"https:\\\/\\\/i0.wp.com\\\/www.bronx.com.br\\\/wp-content\\\/uploads\\\/2023\\\/10\\\/logo-footer.png?fit=260%2C43&ssl=1\",\"contentUrl\":\"https:\\\/\\\/i0.wp.com\\\/www.bronx.com.br\\\/wp-content\\\/uploads\\\/2023\\\/10\\\/logo-footer.png?fit=260%2C43&ssl=1\",\"width\":260,\"height\":43,\"caption\":\"Ag\u00eancia Bronx em Curitiba\"},\"image\":{\"@id\":\"https:\\\/\\\/www.bronx.com.br\\\/#\\\/schema\\\/logo\\\/image\\\/\"},\"sameAs\":[\"https:\\\/\\\/www.facebook.com\\\/bronx.comunicacao\\\/\",\"https:\\\/\\\/www.instagram.com\\\/bronx.ag\\\/\"]}]}<\/script>\n<!-- \/ Yoast SEO plugin. -->","yoast_head_json":{"title":"Home - Bronx - Ag\u00eancia Comunica\u00e7\u00e3o Curitiba - Ag\u00eancia de Publicidade","description":"Somos a Bronx, uma Ag\u00eancia de Publicidade e Propaganda especializada em Marketing Digital, Design Promocional, Branding e SEO em Curitiba. Oferecemos servi\u00e7os abrangentes, incluindo Design Institucional, Marketing Promocional, Eventos Promocionais e Treinamento In Company. Al\u00e9m disso, fornecemos cursos online e Treinamento de Equipes Comerciais para impulsionar o sucesso do seu neg\u00f3cio. Descubra como nossa ag\u00eancia de performance pode elevar a visibilidade da sua marca e aumentar o seu alcance online.","robots":{"index":"index","follow":"follow","max-snippet":"max-snippet:-1","max-image-preview":"max-image-preview:large","max-video-preview":"max-video-preview:-1"},"canonical":"https:\/\/www.bronx.com.br\/index.php\/agencia-de-publicidade\/","og_locale":"pt_BR","og_type":"article","og_title":"Home - Bronx - Ag\u00eancia Comunica\u00e7\u00e3o Curitiba - Ag\u00eancia de Publicidade","og_description":"Somos a Bronx, uma Ag\u00eancia de Publicidade e Propaganda especializada em Marketing Digital, Design Promocional, Branding e SEO em Curitiba. Oferecemos servi\u00e7os abrangentes, incluindo Design Institucional, Marketing Promocional, Eventos Promocionais e Treinamento In Company. Al\u00e9m disso, fornecemos cursos online e Treinamento de Equipes Comerciais para impulsionar o sucesso do seu neg\u00f3cio. Descubra como nossa ag\u00eancia de performance pode elevar a visibilidade da sua marca e aumentar o seu alcance online.","og_url":"https:\/\/www.bronx.com.br\/index.php\/agencia-de-publicidade\/","og_site_name":"Bronx - Ag\u00eancia Comunica\u00e7\u00e3o Curitiba - Ag\u00eancia de Publicidade","article_publisher":"https:\/\/www.facebook.com\/bronx.comunicacao\/","article_modified_time":"2023-10-25T18:13:50+00:00","twitter_card":"summary_large_image","schema":{"@context":"https:\/\/schema.org","@graph":[{"@type":"WebPage","@id":"https:\/\/www.bronx.com.br\/index.php\/agencia-de-publicidade\/","url":"https:\/\/www.bronx.com.br\/index.php\/agencia-de-publicidade\/","name":"Home - Bronx - Ag\u00eancia Comunica\u00e7\u00e3o Curitiba - Ag\u00eancia de Publicidade","isPartOf":{"@id":"https:\/\/www.bronx.com.br\/#website"},"datePublished":"2022-04-04T13:10:41+00:00","dateModified":"2023-10-25T18:13:50+00:00","description":"Somos a Bronx, uma Ag\u00eancia de Publicidade e Propaganda especializada em Marketing Digital, Design Promocional, Branding e SEO em Curitiba. Oferecemos servi\u00e7os abrangentes, incluindo Design Institucional, Marketing Promocional, Eventos Promocionais e Treinamento In Company. Al\u00e9m disso, fornecemos cursos online e Treinamento de Equipes Comerciais para impulsionar o sucesso do seu neg\u00f3cio. Descubra como nossa ag\u00eancia de performance pode elevar a visibilidade da sua marca e aumentar o seu alcance online.","breadcrumb":{"@id":"https:\/\/www.bronx.com.br\/index.php\/agencia-de-publicidade\/#breadcrumb"},"inLanguage":"pt-BR","potentialAction":[{"@type":"ReadAction","target":["https:\/\/www.bronx.com.br\/index.php\/agencia-de-publicidade\/"]}]},{"@type":"BreadcrumbList","@id":"https:\/\/www.bronx.com.br\/index.php\/agencia-de-publicidade\/#breadcrumb","itemListElement":[{"@type":"ListItem","position":1,"name":"In\u00edcio","item":"https:\/\/www.bronx.com.br\/"},{"@type":"ListItem","position":2,"name":"Home"}]},{"@type":"WebSite","@id":"https:\/\/www.bronx.com.br\/#website","url":"https:\/\/www.bronx.com.br\/","name":"Ag\u00eancia Bronx em Curitiba","description":"Somos a Bronx, uma Ag\u00eancia de Publicidade e Propaganda especializada em Marketing Digital, Design Promocional, Branding e SEO em Curitiba. Oferecemos servi\u00e7os abrangentes, incluindo Design Institucional, Marketing Promocional, Eventos Promocionais e Treinamento In Company. Al\u00e9m disso, fornecemos cursos online e Treinamento de Equipes Comerciais para impulsionar o sucesso do seu neg\u00f3cio. Descubra como nossa ag\u00eancia de performance pode elevar a visibilidade da sua marca e aumentar o seu alcance online.","publisher":{"@id":"https:\/\/www.bronx.com.br\/#organization"},"potentialAction":[{"@type":"SearchAction","target":{"@type":"EntryPoint","urlTemplate":"https:\/\/www.bronx.com.br\/?s={search_term_string}"},"query-input":{"@type":"PropertyValueSpecification","valueRequired":true,"valueName":"search_term_string"}}],"inLanguage":"pt-BR"},{"@type":"Organization","@id":"https:\/\/www.bronx.com.br\/#organization","name":"Ag\u00eancia Bronx em Curitiba","url":"https:\/\/www.bronx.com.br\/","logo":{"@type":"ImageObject","inLanguage":"pt-BR","@id":"https:\/\/www.bronx.com.br\/#\/schema\/logo\/image\/","url":"https:\/\/i0.wp.com\/www.bronx.com.br\/wp-content\/uploads\/2023\/10\/logo-footer.png?fit=260%2C43&ssl=1","contentUrl":"https:\/\/i0.wp.com\/www.bronx.com.br\/wp-content\/uploads\/2023\/10\/logo-footer.png?fit=260%2C43&ssl=1","width":260,"height":43,"caption":"Ag\u00eancia Bronx em Curitiba"},"image":{"@id":"https:\/\/www.bronx.com.br\/#\/schema\/logo\/image\/"},"sameAs":["https:\/\/www.facebook.com\/bronx.comunicacao\/","https:\/\/www.instagram.com\/bronx.ag\/"]}]}},"_links":{"self":[{"href":"https:\/\/www.bronx.com.br\/index.php\/wp-json\/wp\/v2\/pages\/5","targetHints":{"allow":["GET"]}}],"collection":[{"href":"https:\/\/www.bronx.com.br\/index.php\/wp-json\/wp\/v2\/pages"}],"about":[{"href":"https:\/\/www.bronx.com.br\/index.php\/wp-json\/wp\/v2\/types\/page"}],"author":[{"embeddable":true,"href":"https:\/\/www.bronx.com.br\/index.php\/wp-json\/wp\/v2\/users\/1"}],"replies":[{"embeddable":true,"href":"https:\/\/www.bronx.com.br\/index.php\/wp-json\/wp\/v2\/comments?post=5"}],"version-history":[{"count":10,"href":"https:\/\/www.bronx.com.br\/index.php\/wp-json\/wp\/v2\/pages\/5\/revisions"}],"predecessor-version":[{"id":1620,"href":"https:\/\/www.bronx.com.br\/index.php\/wp-json\/wp\/v2\/pages\/5\/revisions\/1620"}],"wp:attachment":[{"href":"https:\/\/www.bronx.com.br\/index.php\/wp-json\/wp\/v2\/media?parent=5"}],"curies":[{"name":"wp","href":"https:\/\/api.w.org\/{rel}","templated":true}]}}